{"id":79,"date":"2021-10-21T21:48:56","date_gmt":"2021-10-21T21:48:56","guid":{"rendered":"https:\/\/recienmolido.mx\/?page_id=79"},"modified":"2024-02-29T12:40:30","modified_gmt":"2024-02-29T12:40:30","slug":"nosotros","status":"publish","type":"page","link":"https:\/\/recienmolido.mx\/index.php\/nosotros\/","title":{"rendered":"Nosotros"},"content":{"rendered":"<p><img decoding=\"async\" width=\"663\" height=\"46\" src=\"https:\/\/recienmolido.mx\/wp-content\/uploads\/2021\/10\/divider-1.png\" alt=\"\" loading=\"lazy\" srcset=\"https:\/\/recienmolido.mx\/wp-content\/uploads\/2021\/10\/divider-1.png 663w, https:\/\/recienmolido.mx\/wp-content\/uploads\/2021\/10\/divider-1-300x21.png 300w\" sizes=\"auto, (max-width: 663px) 100vw, 663px\" \/><br \/>\n\t\t\t\t\t\t\t\t\t\t\t\t\t\t\t<img decoding=\"async\" src=\"https:\/\/recienmolido.mx\/wp-content\/uploads\/2021\/11\/coffe-grain-icon.svg\" alt=\"\" loading=\"lazy\" height=\"24\" width=\"24\" \/>\t\t\t\t\t\t\t\t\t\t\t\t\t\t\t<\/p>\n<h2>\u00bfQu\u00e9 hacemos?<\/h2>\n<p>Nos dedicamos a solucionar las necesidades de caf\u00e9 y bebidas calientes en la industria, oficinas, negocios, escuelas, restaurantes y eventos especiales, con nuestras maquinas que preparan cada bebida con granos de caf\u00e9 reci\u00e9n molidos a la temperatura ideal siempre con la misma calidad y sabor, con solo oprimir un bot\u00f3n<\/p>\n<p>Contribuimos en cada negocio, incrementando las ventas de los restaurantes, apoyamos el incremento de la productividad y satisfacci\u00f3n del personal, disminuyendo la rotaci\u00f3n en las empresas, te ayudamos a consentir e incrementar la satisfacci\u00f3n de los clientes de tu negocio o que hagas sentir a los invitados a tu evento, especiales, ofreci\u00e9ndoles una taza de caf\u00e9 con granos de caf\u00e9 reci\u00e9n molido al instante de preparar cada bebida.<\/p>\n<p>Olv\u00eddate de todo lo referente al caf\u00e9, d\u00e9janos a nosotros la operaci\u00f3n, mantenimiento, limpieza y funcionamiento de las maquinas expendedoras de bebidas calientes a base de granos de caf\u00e9 reci\u00e9n molido al momento de preparar cada bebida.<\/p>\n<p>\t\t\t\t\t\t\t\t\t\t\t\t\t\t\t<img decoding=\"async\" width=\"424\" height=\"428\" src=\"https:\/\/recienmolido.mx\/wp-content\/uploads\/2021\/10\/Cup.png\" alt=\"\" loading=\"lazy\" srcset=\"https:\/\/recienmolido.mx\/wp-content\/uploads\/2021\/10\/Cup.png 424w, https:\/\/recienmolido.mx\/wp-content\/uploads\/2021\/10\/Cup-297x300.png 297w, https:\/\/recienmolido.mx\/wp-content\/uploads\/2021\/10\/Cup-150x150.png 150w\" sizes=\"auto, (max-width: 424px) 100vw, 424px\" \/><br \/>\n\t\t\t\t\t\t\t\t\t\t\t\t\t\t\t<img decoding=\"async\" width=\"512\" height=\"512\" src=\"https:\/\/recienmolido.mx\/wp-content\/uploads\/2021\/10\/Artboard-7.png\" alt=\"\" loading=\"lazy\" srcset=\"https:\/\/recienmolido.mx\/wp-content\/uploads\/2021\/10\/Artboard-7.png 512w, https:\/\/recienmolido.mx\/wp-content\/uploads\/2021\/10\/Artboard-7-300x300.png 300w, https:\/\/recienmolido.mx\/wp-content\/uploads\/2021\/10\/Artboard-7-150x150.png 150w\" sizes=\"auto, (max-width: 512px) 100vw, 512px\" \/>\t\t\t\t\t\t\t\t\t\t\t\t\t\t\t<\/p>\n<h2>Misi\u00f3n<\/h2>\n<p style=\"text-align: center;\">Obtener utilidades solucionando las necesidades de bebidas calientes a base de caf\u00e9 de todos nuestros clientes, a trav\u00e9s de la operaci\u00f3n de nuestras maquinas italianas expendedoras de bebidas calientes a base de caf\u00e9\u00a0\u00a0<\/p>\n<p>\t\t\t\t\t\t\t\t\t\t\t\t\t\t\t<img decoding=\"async\" width=\"512\" height=\"512\" src=\"https:\/\/recienmolido.mx\/wp-content\/uploads\/2021\/10\/Artboard-10.png\" alt=\"\" loading=\"lazy\" srcset=\"https:\/\/recienmolido.mx\/wp-content\/uploads\/2021\/10\/Artboard-10.png 512w, https:\/\/recienmolido.mx\/wp-content\/uploads\/2021\/10\/Artboard-10-300x300.png 300w, https:\/\/recienmolido.mx\/wp-content\/uploads\/2021\/10\/Artboard-10-150x150.png 150w\" sizes=\"auto, (max-width: 512px) 100vw, 512px\" \/>\t\t\t\t\t\t\t\t\t\t\t\t\t\t\t<\/p>\n<h2>Visi\u00f3n<\/h2>\n<p style=\"text-align: center;\">Ser los lideres del mercado en servicio de bebidas calientes y venta de caf\u00e9 en granos, mediante la operaci\u00f3n de nuestras maquinas expendedoras de bebidas calientes\u00a0<\/p>\n<p>\t\t\t\t\t\t\t\t\t\t\t\t\t\t\t<img decoding=\"async\" width=\"512\" height=\"512\" src=\"https:\/\/recienmolido.mx\/wp-content\/uploads\/2021\/10\/Artboard-11.png\" alt=\"\" loading=\"lazy\" srcset=\"https:\/\/recienmolido.mx\/wp-content\/uploads\/2021\/10\/Artboard-11.png 512w, https:\/\/recienmolido.mx\/wp-content\/uploads\/2021\/10\/Artboard-11-300x300.png 300w, https:\/\/recienmolido.mx\/wp-content\/uploads\/2021\/10\/Artboard-11-150x150.png 150w\" sizes=\"auto, (max-width: 512px) 100vw, 512px\" \/>\t\t\t\t\t\t\t\t\t\t\t\t\t\t\t<\/p>\n<h2>Valores<br \/>\n<\/h2>\n<p>Trabajamos constantemente hacia el camino de la rentabilidad, al mismo que tiempo que nos adherimos estrictamente a nuestros valores: Innovaci\u00f3n, Trabajo en equipo, Excelencia operativa, Orientaci\u00f3n al cliente e Integridad.<\/p>\n<p>\t\t\t\t\t\t\t<a href=\"https:\/\/recienmolido.mx\/wp-content\/uploads\/2021\/10\/IMG_1927.jpg\" data-elementor-open-lightbox=\"yes\" data-elementor-lightbox-slideshow=\"all-a1a819a\" data-elementor-lightbox-title=\"IMG_1927\"><br \/>\n\t\t\t\t\t\t\t\t\t\t\t\t\t\t<\/a><br \/>\n\t\t\t\t\t\t\t<a href=\"https:\/\/recienmolido.mx\/wp-content\/uploads\/2021\/10\/IMG_1813.jpg\" data-elementor-open-lightbox=\"yes\" data-elementor-lightbox-slideshow=\"all-a1a819a\" data-elementor-lightbox-title=\"IMG_1813\"><br \/>\n\t\t\t\t\t\t\t\t\t\t\t\t\t\t<\/a><br \/>\n\t\t\t\t\t\t\t<a href=\"https:\/\/recienmolido.mx\/wp-content\/uploads\/2021\/10\/IMG_1884.jpg\" data-elementor-open-lightbox=\"yes\" data-elementor-lightbox-slideshow=\"all-a1a819a\" data-elementor-lightbox-title=\"IMG_1884\"><br \/>\n\t\t\t\t\t\t\t\t\t\t\t\t\t\t<\/a><br \/>\n\t\t\t\t\t\t\t<a href=\"https:\/\/recienmolido.mx\/wp-content\/uploads\/2021\/10\/IMG_1882.jpg\" data-elementor-open-lightbox=\"yes\" data-elementor-lightbox-slideshow=\"all-a1a819a\" data-elementor-lightbox-title=\"IMG_1882\"><br \/>\n\t\t\t\t\t\t\t\t\t\t\t\t\t\t<\/a><br \/>\n\t\t\t\t\t\t\t<a href=\"https:\/\/recienmolido.mx\/wp-content\/uploads\/2021\/10\/IMG_1876.jpg\" data-elementor-open-lightbox=\"yes\" data-elementor-lightbox-slideshow=\"all-a1a819a\" data-elementor-lightbox-title=\"IMG_1876\"><br \/>\n\t\t\t\t\t\t\t\t\t\t\t\t\t\t<\/a><br \/>\n\t\t\t\t\t\t\t<a href=\"https:\/\/recienmolido.mx\/wp-content\/uploads\/2021\/10\/IMG_1912.jpg\" data-elementor-open-lightbox=\"yes\" data-elementor-lightbox-slideshow=\"all-a1a819a\" data-elementor-lightbox-title=\"IMG_1912\"><br \/>\n\t\t\t\t\t\t\t\t\t\t\t\t\t\t<\/a><br \/>\n\t\t\t\t\t\t\t<a href=\"https:\/\/recienmolido.mx\/wp-content\/uploads\/2021\/10\/IMG_1900.jpg\" data-elementor-open-lightbox=\"yes\" data-elementor-lightbox-slideshow=\"all-a1a819a\" data-elementor-lightbox-title=\"IMG_1900\"><br \/>\n\t\t\t\t\t\t\t\t\t\t\t\t\t\t<\/a><br \/>\n\t\t\t\t\t\t\t<a href=\"https:\/\/recienmolido.mx\/wp-content\/uploads\/2021\/10\/IMG_1894.jpg\" data-elementor-open-lightbox=\"yes\" data-elementor-lightbox-slideshow=\"all-a1a819a\" data-elementor-lightbox-title=\"IMG_1894\"><br \/>\n\t\t\t\t\t\t\t\t\t\t\t\t\t\t<\/a><br \/>\n\t\t\t\t\t\t\t<a href=\"https:\/\/recienmolido.mx\/wp-content\/uploads\/2021\/10\/IMG_1868.jpg\" data-elementor-open-lightbox=\"yes\" data-elementor-lightbox-slideshow=\"all-a1a819a\" data-elementor-lightbox-title=\"IMG_1868\"><br \/>\n\t\t\t\t\t\t\t\t\t\t\t\t\t\t<\/a><br \/>\n\t\t\t\t\t\t\t<a href=\"https:\/\/recienmolido.mx\/wp-content\/uploads\/2022\/02\/IMG_1926.jpg\" data-elementor-open-lightbox=\"yes\" data-elementor-lightbox-slideshow=\"all-a1a819a\" data-elementor-lightbox-title=\"IMG_1926\"><br \/>\n\t\t\t\t\t\t\t\t\t\t\t\t\t\t<\/a><br \/>\n\t\t\t\t\t\t\t<a href=\"https:\/\/recienmolido.mx\/wp-content\/uploads\/2022\/02\/IMG_1924.jpg\" data-elementor-open-lightbox=\"yes\" data-elementor-lightbox-slideshow=\"all-a1a819a\" data-elementor-lightbox-title=\"IMG_1924\"><br \/>\n\t\t\t\t\t\t\t\t\t\t\t\t\t\t<\/a><br \/>\n\t\t\t\t\t\t\t<a href=\"https:\/\/recienmolido.mx\/wp-content\/uploads\/2022\/02\/IMG_1920.jpg\" data-elementor-open-lightbox=\"yes\" data-elementor-lightbox-slideshow=\"all-a1a819a\" data-elementor-lightbox-title=\"IMG_1920\"><br \/>\n\t\t\t\t\t\t\t\t\t\t\t\t\t\t<\/a><\/p>\n","protected":false},"excerpt":{"rendered":"<p>\u00bfQu\u00e9 hacemos? Nos dedicamos a solucionar las necesidades de caf\u00e9 y bebidas calientes en la industria, oficinas, negocios, escuelas, restaurantes y eventos especiales, con nuestras maquinas que preparan cada bebida con granos de caf\u00e9 reci\u00e9n molidos a la temperatura ideal siempre con la misma calidad y sabor, con solo oprimir un bot\u00f3n Contribuimos en cada [&hellip;]<\/p>\n","protected":false},"author":1,"featured_media":0,"parent":0,"menu_order":0,"comment_status":"closed","ping_status":"closed","template":"elementor_header_footer","meta":{"footnotes":""},"folder":[5],"class_list":["post-79","page","type-page","status-publish","hentry"],"acf":[],"yoast_head":"<!-- This site is optimized with the Yoast SEO plugin v17.7.1 - https:\/\/yoast.com\/wordpress\/plugins\/seo\/ -->\n<title>Nosotros - Reci\u00e9n Molido<\/title>\n<meta name=\"robots\" content=\"index, follow, max-snippet:-1, max-image-preview:large, max-video-preview:-1\" \/>\n<link rel=\"canonical\" href=\"https:\/\/recienmolido.mx\/index.php\/nosotros\/\" \/>\n<meta property=\"og:locale\" content=\"en_US\" \/>\n<meta property=\"og:type\" content=\"article\" \/>\n<meta property=\"og:title\" content=\"Nosotros - Reci\u00e9n Molido\" \/>\n<meta property=\"og:description\" content=\"\u00bfQu\u00e9 hacemos? Nos dedicamos a solucionar las necesidades de caf\u00e9 y bebidas calientes en la industria, oficinas, negocios, escuelas, restaurantes y eventos especiales, con nuestras maquinas que preparan cada bebida con granos de caf\u00e9 reci\u00e9n molidos a la temperatura ideal siempre con la misma calidad y sabor, con solo oprimir un bot\u00f3n Contribuimos en cada [&hellip;]\" \/>\n<meta property=\"og:url\" content=\"https:\/\/recienmolido.mx\/index.php\/nosotros\/\" \/>\n<meta property=\"og:site_name\" content=\"Reci\u00e9n Molido\" \/>\n<meta property=\"article:modified_time\" content=\"2024-02-29T12:40:30+00:00\" \/>\n<meta property=\"og:image\" content=\"https:\/\/recienmolido.mx\/wp-content\/uploads\/2021\/10\/divider-1.png\" \/>\n<meta name=\"twitter:card\" content=\"summary_large_image\" \/>\n<meta name=\"twitter:label1\" content=\"Est. reading time\" \/>\n\t<meta name=\"twitter:data1\" content=\"3 minutes\" \/>\n<script type=\"application\/ld+json\" class=\"yoast-schema-graph\">{\"@context\":\"https:\/\/schema.org\",\"@graph\":[{\"@type\":\"WebSite\",\"@id\":\"https:\/\/recienmolido.mx\/#website\",\"url\":\"https:\/\/recienmolido.mx\/\",\"name\":\"Reci\\u00e9n Molido\",\"description\":\"Lideres en maquinas expendedoras de caf\\u00e9\",\"potentialAction\":[{\"@type\":\"SearchAction\",\"target\":{\"@type\":\"EntryPoint\",\"urlTemplate\":\"https:\/\/recienmolido.mx\/?s={search_term_string}\"},\"query-input\":\"required name=search_term_string\"}],\"inLanguage\":\"en-US\"},{\"@type\":\"ImageObject\",\"@id\":\"https:\/\/recienmolido.mx\/index.php\/nosotros\/#primaryimage\",\"inLanguage\":\"en-US\",\"url\":\"https:\/\/recienmolido.mx\/wp-content\/uploads\/2021\/10\/divider-1.png\",\"contentUrl\":\"https:\/\/recienmolido.mx\/wp-content\/uploads\/2021\/10\/divider-1.png\",\"width\":663,\"height\":46},{\"@type\":\"WebPage\",\"@id\":\"https:\/\/recienmolido.mx\/index.php\/nosotros\/#webpage\",\"url\":\"https:\/\/recienmolido.mx\/index.php\/nosotros\/\",\"name\":\"Nosotros - Reci\\u00e9n Molido\",\"isPartOf\":{\"@id\":\"https:\/\/recienmolido.mx\/#website\"},\"primaryImageOfPage\":{\"@id\":\"https:\/\/recienmolido.mx\/index.php\/nosotros\/#primaryimage\"},\"datePublished\":\"2021-10-21T21:48:56+00:00\",\"dateModified\":\"2024-02-29T12:40:30+00:00\",\"breadcrumb\":{\"@id\":\"https:\/\/recienmolido.mx\/index.php\/nosotros\/#breadcrumb\"},\"inLanguage\":\"en-US\",\"potentialAction\":[{\"@type\":\"ReadAction\",\"target\":[\"https:\/\/recienmolido.mx\/index.php\/nosotros\/\"]}]},{\"@type\":\"BreadcrumbList\",\"@id\":\"https:\/\/recienmolido.mx\/index.php\/nosotros\/#breadcrumb\",\"itemListElement\":[{\"@type\":\"ListItem\",\"position\":1,\"name\":\"Home\",\"item\":\"https:\/\/recienmolido.mx\/\"},{\"@type\":\"ListItem\",\"position\":2,\"name\":\"Nosotros\"}]}]}<\/script>\n<!-- \/ Yoast SEO plugin. -->","yoast_head_json":{"title":"Nosotros - Reci\u00e9n Molido","robots":{"index":"index","follow":"follow","max-snippet":"max-snippet:-1","max-image-preview":"max-image-preview:large","max-video-preview":"max-video-preview:-1"},"canonical":"https:\/\/recienmolido.mx\/index.php\/nosotros\/","og_locale":"en_US","og_type":"article","og_title":"Nosotros - Reci\u00e9n Molido","og_description":"\u00bfQu\u00e9 hacemos? Nos dedicamos a solucionar las necesidades de caf\u00e9 y bebidas calientes en la industria, oficinas, negocios, escuelas, restaurantes y eventos especiales, con nuestras maquinas que preparan cada bebida con granos de caf\u00e9 reci\u00e9n molidos a la temperatura ideal siempre con la misma calidad y sabor, con solo oprimir un bot\u00f3n Contribuimos en cada [&hellip;]","og_url":"https:\/\/recienmolido.mx\/index.php\/nosotros\/","og_site_name":"Reci\u00e9n Molido","article_modified_time":"2024-02-29T12:40:30+00:00","og_image":[{"url":"https:\/\/recienmolido.mx\/wp-content\/uploads\/2021\/10\/divider-1.png"}],"twitter_card":"summary_large_image","twitter_misc":{"Est. reading time":"3 minutes"},"schema":{"@context":"https:\/\/schema.org","@graph":[{"@type":"WebSite","@id":"https:\/\/recienmolido.mx\/#website","url":"https:\/\/recienmolido.mx\/","name":"Reci\u00e9n Molido","description":"Lideres en maquinas expendedoras de caf\u00e9","potentialAction":[{"@type":"SearchAction","target":{"@type":"EntryPoint","urlTemplate":"https:\/\/recienmolido.mx\/?s={search_term_string}"},"query-input":"required name=search_term_string"}],"inLanguage":"en-US"},{"@type":"ImageObject","@id":"https:\/\/recienmolido.mx\/index.php\/nosotros\/#primaryimage","inLanguage":"en-US","url":"https:\/\/recienmolido.mx\/wp-content\/uploads\/2021\/10\/divider-1.png","contentUrl":"https:\/\/recienmolido.mx\/wp-content\/uploads\/2021\/10\/divider-1.png","width":663,"height":46},{"@type":"WebPage","@id":"https:\/\/recienmolido.mx\/index.php\/nosotros\/#webpage","url":"https:\/\/recienmolido.mx\/index.php\/nosotros\/","name":"Nosotros - Reci\u00e9n Molido","isPartOf":{"@id":"https:\/\/recienmolido.mx\/#website"},"primaryImageOfPage":{"@id":"https:\/\/recienmolido.mx\/index.php\/nosotros\/#primaryimage"},"datePublished":"2021-10-21T21:48:56+00:00","dateModified":"2024-02-29T12:40:30+00:00","breadcrumb":{"@id":"https:\/\/recienmolido.mx\/index.php\/nosotros\/#breadcrumb"},"inLanguage":"en-US","potentialAction":[{"@type":"ReadAction","target":["https:\/\/recienmolido.mx\/index.php\/nosotros\/"]}]},{"@type":"BreadcrumbList","@id":"https:\/\/recienmolido.mx\/index.php\/nosotros\/#breadcrumb","itemListElement":[{"@type":"ListItem","position":1,"name":"Home","item":"https:\/\/recienmolido.mx\/"},{"@type":"ListItem","position":2,"name":"Nosotros"}]}]}},"_links":{"self":[{"href":"https:\/\/recienmolido.mx\/index.php\/wp-json\/wp\/v2\/pages\/79","targetHints":{"allow":["GET"]}}],"collection":[{"href":"https:\/\/recienmolido.mx\/index.php\/wp-json\/wp\/v2\/pages"}],"about":[{"href":"https:\/\/recienmolido.mx\/index.php\/wp-json\/wp\/v2\/types\/page"}],"author":[{"embeddable":true,"href":"https:\/\/recienmolido.mx\/index.php\/wp-json\/wp\/v2\/users\/1"}],"replies":[{"embeddable":true,"href":"https:\/\/recienmolido.mx\/index.php\/wp-json\/wp\/v2\/comments?post=79"}],"version-history":[{"count":80,"href":"https:\/\/recienmolido.mx\/index.php\/wp-json\/wp\/v2\/pages\/79\/revisions"}],"predecessor-version":[{"id":1366,"href":"https:\/\/recienmolido.mx\/index.php\/wp-json\/wp\/v2\/pages\/79\/revisions\/1366"}],"wp:attachment":[{"href":"https:\/\/recienmolido.mx\/index.php\/wp-json\/wp\/v2\/media?parent=79"}],"wp:term":[{"taxonomy":"folder","embeddable":true,"href":"https:\/\/recienmolido.mx\/index.php\/wp-json\/wp\/v2\/folder?post=79"}],"curies":[{"name":"wp","href":"https:\/\/api.w.org\/{rel}","templated":true}]}}